{"id":321,"date":"2014-04-02T12:44:17","date_gmt":"2014-04-02T16:44:17","guid":{"rendered":"http:\/\/www.lplusd.com\/?page_id=321"},"modified":"2023-12-08T14:57:03","modified_gmt":"2023-12-08T19:57:03","slug":"projets","status":"publish","type":"page","link":"https:\/\/lplusd.com\/fr\/projets\/","title":{"rendered":"Projets"},"content":{"rendered":"<div class=\"acf-child-pages-sections-container\"><div class=\"acf-child-pages-section\" id=\"%c3%a9tudes-de-cas\"><div class=\"acf-template-default\"><div class=\"container-wrapper\"><div class=\"container\"   data-news=\"Latest headline\" data-archive=\"Archive\"><h2 class=\"acf-section-title\">\u00c9tudes de cas<\/h2><div class=\"acf-section-page-content\"><div class=\"lplusd-narrow-column\"><div class=\"lplusd-large-text\">Nos comp\u00e9tences se pr\u00eatent aux projets de toute taille \u2013 allant d\u2019initiatives modestes de design int\u00e9rieur \u00e0 caract\u00e8re largement esth\u00e9tique aux mises en service architecturales complexes et \u00e0 forte valeur.\n<\/div>\n\nLes projets pr\u00e9sent\u00e9s ci-dessous montrent bien ce dont L + D est capable. Chaque projet, \u00e0 sa fa\u00e7on, r\u00e9v\u00e8le les types de d\u00e9fis que nous relevons tous les jours ainsi que la diversit\u00e9 des solutions cr\u00e9atrices que nous offrons.<\/div>\n\n[Inscription-du-projet]<\/div><\/div><\/div><\/div><\/div><div class=\"acf-child-pages-section\" id=\"project-listing\"><div class=\"acf-template-default\"><div class=\"container-wrapper\"><div class=\"container\"   data-news=\"Latest headline\" data-archive=\"Archive\"><h2 class=\"acf-section-title\">Inscription du projet<\/h2><div class=\"acf-section-page-content\"><table style=\"width: 400px;\" border=\"0\">\n<tbody>\n<tr>\n<td style=\"text-align: center;\"><strong>Stade Place TD<\/strong>\nOSEG<\/td>\n<td style=\"text-align: center;\"><strong>Tour Place Victoria<\/strong>\nMultivesco<\/td>\n<\/tr>\n<tr>\n<td style=\"text-align: center;\"><strong>Centre Bayshore\n<\/strong> Ivanho\u00e9-Cambridge<\/td>\n<td style=\"text-align: center;\"><strong>Centre des Arts Shenkman<\/strong>\nForum Leasehold Partners<\/td>\n<\/tr>\n<tr>\n<td style=\"text-align: center;\"><strong>Centre National des arts<\/strong>\nCNA\/NAC<\/td>\n<td style=\"text-align: center;\"><strong>Mus\u00e9e Cumberland<\/strong>\nVille d&#8217;Ottawa<\/td>\n<\/tr>\n<tr>\n<td style=\"text-align: center;\"><strong>Caisse Populaire Rideau\n<\/strong><strong>Desjardins<\/strong><\/td>\n<td style=\"text-align: center;\"><strong>\u00c9S De La Salle &#8211; Agrandissement\n<\/strong>CEPEO<\/td>\n<\/tr>\n<\/tbody>\n<\/table><\/div><\/div><\/div><\/div><\/div><\/div>","protected":false},"excerpt":{"rendered":"","protected":false},"author":1,"featured_media":0,"parent":0,"menu_order":17,"comment_status":"open","ping_status":"closed","template":"","meta":{"footnotes":""},"class_list":["post-321","page","type-page","status-publish","hentry"],"_links":{"self":[{"href":"https:\/\/lplusd.com\/fr\/wp-json\/wp\/v2\/pages\/321","targetHints":{"allow":["GET"]}}],"collection":[{"href":"https:\/\/lplusd.com\/fr\/wp-json\/wp\/v2\/pages"}],"about":[{"href":"https:\/\/lplusd.com\/fr\/wp-json\/wp\/v2\/types\/page"}],"author":[{"embeddable":true,"href":"https:\/\/lplusd.com\/fr\/wp-json\/wp\/v2\/users\/1"}],"replies":[{"embeddable":true,"href":"https:\/\/lplusd.com\/fr\/wp-json\/wp\/v2\/comments?post=321"}],"version-history":[{"count":4,"href":"https:\/\/lplusd.com\/fr\/wp-json\/wp\/v2\/pages\/321\/revisions"}],"predecessor-version":[{"id":543,"href":"https:\/\/lplusd.com\/fr\/wp-json\/wp\/v2\/pages\/321\/revisions\/543"}],"wp:attachment":[{"href":"https:\/\/lplusd.com\/fr\/wp-json\/wp\/v2\/media?parent=321"}],"curies":[{"name":"wp","href":"https:\/\/api.w.org\/{rel}","templated":true}]}}