{"id":16,"date":"2014-01-05T19:58:09","date_gmt":"2014-01-06T00:58:09","guid":{"rendered":"http:\/\/www.lplusd.com\/?page_id=16"},"modified":"2023-12-08T16:19:14","modified_gmt":"2023-12-08T21:19:14","slug":"lplusd","status":"publish","type":"page","link":"https:\/\/lplusd.com\/fr\/","title":{"rendered":"LplusD"},"content":{"rendered":"<div class=\"acf-child-pages-sections-container\"><div class=\"acf-child-pages-section\" id=\"316-2\"><div class=\"acf-template-default\"><div class=\"container-wrapper\"><div class=\"container\"   data-news=\"Latest headline\" data-archive=\"Archive\"><h2 class=\"acf-section-title\">Qui sommes-nous<\/h2><div class=\"acf-section-page-content\"><div class=\"lplusd-narrow-column\"><div class=\"lplusd-large-text\">Nous fonctionnons en \u00e9quipe et faisons appel aux talents d\u2019architectes et de designers d\u2019int\u00e9rieur pour pr\u00e9senter \u00e0 notre client\u00e8le une vari\u00e9t\u00e9 de perspectives sur chacun de nos projets.<\/div><\/p>\r\n<h3>\u00c0 votre service<\/h3>\r\n<p><\/div>\r\n<div class=\"ako_people_container\"><div class=\"people-list\"><div class=\"person\" id=\"person-508\"><a href=\"https:\/\/lplusd.com\/fr\/lplusd_people\/philippe-doyle\/\"><img decoding=\"async\" src=\"https:\/\/lplusd.com\/wp-content\/uploads\/2014\/01\/PhilippeDoyle-BIo-Picture179x140_26Nov2023.jpg\" alt=\"\" \/><\/a><div class=\"person-content\"><span>Philippe&nbsp;Doyle<\/span>, President<\/div><\/div><div class=\"person-details\" id=\"person-508-details\" data-id=\"person-508\">\n    <a href=\"#\" class=\"details-close\"><i class=\"fa fa-times fa-2x\"><\/i><\/a>\n    <div class=\"details-title\">Philippe&nbsp;Doyle, M. Eng. OAA OAQ<\/div>\n    <div class=\"content\"><p>Philippe is responsible for the vision and direction of the&nbsp;firm.<\/p>\r\n<p><strong>What would you say are the hallmarks of great&nbsp;architecture?<\/strong><\/p>\r\n<p>Clarity and inventiveness. Clarity makes great architecture look simple and inventiveness makes clarity look beautiful. You approach the perfection of form. Think of the wheel, which isn\u2019t architecture, but is a great example of design. I\u2019d love to meet the person who invented the wheel: it\u2019s been thousands of years, and no one has ever had to reinvent&nbsp;it.<\/p>\r\n<p><strong>What\u2019s the purpose of&nbsp;architecture?<\/strong><\/p>\r\n<p>Architecture has to serve the people. It should stimulate the senses and create a sense of place. That\u2019s what makes so many of the great architectural pieces great. While architecture is a function of time and context, great architecture transcends the likes and dislikes of culture and&nbsp;fashion.<\/p>\r\n<p><strong>How would you characterize the corporate culture at&nbsp;L+D?<\/strong><\/p>\r\n<p>Collegial and supportive. We continually encourage each other to excel, to surpass expectations. As a company, we exceed the sum of our individual parts. And we\u2019re future-minded. I\u2019m a firm believer that we are stewards of the next generation. That\u2019s always a big part of our internal discourse; it\u2019s reflected in what we do corporately and in how we treat each&nbsp;other.<\/p>\r\n<p><strong>What has been the secret to your&nbsp;success?<\/strong><\/p>\r\n<p>Commitment. \u201cQuit\u201d has never been a word in my vocabulary. I think this has always benefited clients: they get my full dedication from beginning to end. You need commitment to work through challenges as they arise\u2014and you know they\u2019re going to. You need confidence to take risks as necessary to develop creative, effective solutions. And trust is essential. It\u2019s why I would never ask someone to do something I\u2019m not prepared to <br \/>do&nbsp;myself.<\/p><\/div>\n    <div class=\"contact-details\"><a href=\"mailto:pdoyle@lplusd.com\">pdoyle@lplusd.com<\/a> <a href=\"http:\/\/ca.linkedin.com\/pub\/philippe-doyle\/11\/46\/450\" target=\"_blank\"><span>LinkedIn<\/span><\/a> <\/div>\n<\/div><div class=\"person\" id=\"person-512\"><a href=\"https:\/\/lplusd.com\/fr\/lplusd_people\/louise-lalande-2\/\"><img decoding=\"async\" src=\"https:\/\/lplusd.com\/wp-content\/uploads\/2014\/01\/louise.jpg\" alt=\"\" \/><\/a><div class=\"person-content\"><span>Louise&nbsp;LaLande<\/span>, partner<\/div><\/div><div class=\"person-details\" id=\"person-512-details\" data-id=\"person-512\">\n    <a href=\"#\" class=\"details-close\"><i class=\"fa fa-times fa-2x\"><\/i><\/a>\n    <div class=\"details-title\">Louise&nbsp;LaLande, OAA<\/div>\n    <div class=\"content\"><p>Louise wears many hats at L+D. She serves as a senior project architect, regularly lends her expertise to heritage development projects, and undertakes office and resource-management&nbsp;responsibilities.<\/p>\r\n<p><strong>What does it take to be a great&nbsp;architect?<\/strong><\/p>\r\n<p>Obviously you need to be a talented designer, but it\u2019s more than that. You have to be a good listener and communicator to identify and understand clients\u2019 needs. You can\u2019t ever lose sight of the fact that you\u2019re designing spaces for people. Our job is to transform our clients\u2019 dreams into built&nbsp;forms.<\/p>\r\n<p><strong>What is the mark of a successful&nbsp;project?<\/strong><\/p>\r\n<p>There\u2019s no greater testament to the success of a project than a client using a building to its fullest potential and, in return, having the building fully respond to the client\u2019s every&nbsp;need.<\/p>\r\n<p><strong>How would you characterize L+D\u2019s corporate&nbsp;culture?<\/strong><\/p>\r\n<p>It breaks stereotypical office conventions. We work as a collective, not a rigid hierarchical machine. There\u2019s mutual respect among all levels of staff. The strengths of one are the strengths of the entire team. We constantly learn from each other\u2014our mistakes and our successes&nbsp;both.<\/p>\r\n<p><strong>What drives&nbsp;L+D?<\/strong><\/p>\r\n<p>Our energy and passion. Every member of our team, regardless of age or experience, shares the same youthful eagerness and curiosity. Architecture is more than just our job, it\u2019s our lifestyle. Our dedication is the result of our&nbsp;passion.<\/p><\/div>\n    <div class=\"contact-details\"><a href=\"mailto:llalande@lplusd.com\">llalande@lplusd.com<\/a>  <\/div>\n<\/div><\/div><\/div><\/div><\/div><\/div><\/div><\/div><div class=\"acf-child-pages-section\" id=\"au-sujet-de\"><div class=\"acf-template-default\"><div class=\"container-wrapper\"><div class=\"container\"   data-news=\"Latest headline\" data-archive=\"Archive\"><h2 class=\"acf-section-title\">Au sujet de<\/h2><div class=\"acf-section-page-content\"><div class=\"acf-child-pages-tabs\"><div class=\"acf-child-pages-tabs-wrapper\"><div class=\"tabs-container tab-content\"><div class=\"tab-pane fade active in acf-child-pages-tab\" id=\"vue-densemble\"><div class=\"acf-template-default\"><div class=\"container-wrapper\"><div    data-news=\"Latest headline\" data-archive=\"Archive\"><h2 class=\"acf-section-title\">Vue d&#8217;ensemble<\/h2><div class=\"acf-section-page-content\"><div class=\"lplusd-narrow-column\"><div class=\"lplusd-large-text\">L\u2019interaction efficace, fructueuse et harmonieuse d\u2019\u00e9l\u00e9ments compl\u00e9mentaires produit les r\u00e9sultats les plus extraordinaires.\u00a0<\/div><\/p>\r\n<p>Voil\u00e0 le type de symbiose que Lalande + Doyle met de l\u2019avant \u2013 la rencontre des talents; le partage des visions; l\u2019engagement de tous \u00e0 cr\u00e9er une architecture qui offre aux clients des espaces qui r\u00e9pondent \u00e0 leurs aspirations et \u00e0 leurs besoins&nbsp;comme&nbsp;utilisateurs.<\/p>\r\n<p>Une formule gagnante.<\/div><\/div><\/div><\/div><\/div><\/div><div class=\"tab-pane fade  acf-child-pages-tab\" id=\"que-faisons-nous\"><div class=\"acf-template-default\"><div class=\"container-wrapper\"><div    data-news=\"Latest headline\" data-archive=\"Archive\"><h2 class=\"acf-section-title\">Que faisons-nous<\/h2><div class=\"acf-section-page-content\"><div class=\"lplusd-narrow-column\">\u00a0<div class=\"lplusd-large-text\">Nos services collent aux besoins de la client\u00e8le et \u00e9pousent les particularit\u00e9s de toute situation nouvelle. Nous les livrons toujours en portant la plus grande attention aux attentes les plus \u00e9lev\u00e9es. Tout au long de chaque projet, nous nous effor\u00e7ons d\u2019\u00eatre ouverts, transparents, comp\u00e9tents et&nbsp;r\u00e9ceptifs.<\/div><\/p>\r\n<h3>Domaines De Pratique<\/h3>\r\n<p><strong>Services&nbsp;d\u2019architecture<\/strong><\/p>\r\n<p>Nous agissons comme conseillers de nos clients et cherchons \u00e0 m\u00e9riter leur confiance. Nos d\u00e9cennies d\u2019exp\u00e9rience en architecture nous permettent&nbsp;de&nbsp;:<\/p>\r\n<ul>\r\n<li>Soutenir les activit\u00e9s de d\u00e9veloppement strat\u00e9gique<\/li>\r\n<li>\u00c9laborer les concepts et les solutions qui suscitent l\u2019adh\u00e9sion<\/li>\r\n<li>Produire une documentation technique compl\u00e8te et bien coordonn\u00e9e<\/li>\r\n<li>Diriger la construction, l\u2019administration et la mise en service.<\/li>\r\n<\/ul>\r\n<p><strong>Services de&nbsp;design&nbsp;int\u00e9rieur<\/strong><\/p>\r\n<p>Notre \u00e9quipe produit des espaces fonctionnels dans une enveloppe architecturale. Elle porte une attention particuli\u00e8re aux all\u00e9es et venues et aux habitudes des usagers ce qui, de pair avec la cr\u00e9ativit\u00e9 architecturale de la firme, optimise l\u2019utilisation&nbsp;d\u2019un&nbsp;espace.<\/p>\r\n<p><strong>Services \u00e0&nbsp;caract\u00e8re&nbsp;patrimonial<\/strong><\/p>\r\n<p>Notre \u00e9quipe conna\u00eet bien les pratiques exemplaires en mati\u00e8re de patrimoine. Un des d\u00e9fis premiers de ce travail consiste \u00e0 bien marier les techniques et commodit\u00e9s modernes avec la pr\u00e9servation des \u00e9l\u00e9ments patrimoniaux. Nous sommes fiers de savoir sortir des sentiers battus pour prot\u00e9ger l\u2019int\u00e9grit\u00e9 d\u2019une structure patrimoniale tout en r\u00e9pondant aux besoins pratiques de notre client\u00e8le dans les limites prescrites de temps et d\u2019argent.\u00a0<\/div><\/div><\/div><\/div><\/div><\/div><div class=\"tab-pane fade  acf-child-pages-tab\" id=\"316-2\"><div class=\"acf-template-default\"><div class=\"container-wrapper\"><div    data-news=\"Latest headline\" data-archive=\"Archive\"><h2 class=\"acf-section-title\">Qui sommes-nous<\/h2><div class=\"acf-section-page-content\"><div class=\"lplusd-narrow-column\"><div class=\"lplusd-large-text\">Nous fonctionnons en \u00e9quipe et faisons appel aux talents d\u2019architectes et de designers d\u2019int\u00e9rieur pour pr\u00e9senter \u00e0 notre client\u00e8le une vari\u00e9t\u00e9 de perspectives sur chacun de nos&nbsp;projets.<\/div><\/p>\r\n<h3>\u00c0 votre service<\/h3>\r\n<p><\/div>\r\n<div class=\"ako_people_container\"><div class=\"people-list\"><div class=\"person\" id=\"person-508\"><a href=\"https:\/\/lplusd.com\/fr\/lplusd_people\/philippe-doyle\/\"><img decoding=\"async\" src=\"https:\/\/lplusd.com\/wp-content\/uploads\/2014\/01\/PhilippeDoyle-BIo-Picture179x140_26Nov2023.jpg\" alt=\"\" \/><\/a><div class=\"person-content\"><span>Philippe&nbsp;Doyle<\/span>, President<\/div><\/div><div class=\"person-details\" id=\"person-508-details\" data-id=\"person-508\">\n    <a href=\"#\" class=\"details-close\"><i class=\"fa fa-times fa-2x\"><\/i><\/a>\n    <div class=\"details-title\">Philippe&nbsp;Doyle, M. Eng. OAA OAQ<\/div>\n    <div class=\"content\"><p>Philippe is responsible for the vision and direction of&nbsp;the&nbsp;firm.<\/p>\r\n<p><strong>What would you say are the hallmarks of&nbsp;great&nbsp;architecture?<\/strong><\/p>\r\n<p>Clarity and inventiveness. Clarity makes great architecture look simple and inventiveness makes clarity look beautiful. You approach the perfection of form. Think of the wheel, which isn\u2019t architecture, but is a great example of design. I\u2019d love to meet the person who invented the wheel: it\u2019s been thousands of years, and no one has ever had to&nbsp;reinvent&nbsp;it.<\/p>\r\n<p><strong>What\u2019s the purpose&nbsp;of&nbsp;architecture?<\/strong><\/p>\r\n<p>Architecture has to serve the people. It should stimulate the senses and create a sense of place. That\u2019s what makes so many of the great architectural pieces great. While architecture is a function of time and context, great architecture transcends the likes and dislikes of culture&nbsp;and&nbsp;fashion.<\/p>\r\n<p><strong>How would you characterize the corporate culture&nbsp;at&nbsp;L+D?<\/strong><\/p>\r\n<p>Collegial and supportive. We continually encourage each other to excel, to surpass expectations. As a company, we exceed the sum of our individual parts. And we\u2019re future-minded. I\u2019m a firm believer that we are stewards of the next generation. That\u2019s always a big part of our internal discourse; it\u2019s reflected in what we do corporately and in how we treat&nbsp;each&nbsp;other.<\/p>\r\n<p><strong>What has been the secret to&nbsp;your&nbsp;success?<\/strong><\/p>\r\n<p>Commitment. \u201cQuit\u201d has never been a word in my vocabulary. I think this has always benefited clients: they get my full dedication from beginning to end. You need commitment to work through challenges as they arise\u2014and you know they\u2019re going to. You need confidence to take risks as necessary to develop creative, effective solutions. And trust is essential. It\u2019s why I would never ask someone to do something I\u2019m not prepared to <br&nbsp;\/>do&nbsp;myself.<\/p><\/div>\n    <div class=\"contact-details\"><a href=\"mailto:pdoyle@lplusd.com\">pdoyle@lplusd.com<\/a> <a href=\"http:\/\/ca.linkedin.com\/pub\/philippe-doyle\/11\/46\/450\" target=\"_blank\"><span>LinkedIn<\/span><\/a> <\/div>\n<\/div><div class=\"person\" id=\"person-512\"><a href=\"https:\/\/lplusd.com\/fr\/lplusd_people\/louise-lalande-2\/\"><img decoding=\"async\" src=\"https:\/\/lplusd.com\/wp-content\/uploads\/2014\/01\/louise.jpg\" alt=\"\" \/><\/a><div class=\"person-content\"><span>Louise&nbsp;LaLande<\/span>, partner<\/div><\/div><div class=\"person-details\" id=\"person-512-details\" data-id=\"person-512\">\n    <a href=\"#\" class=\"details-close\"><i class=\"fa fa-times fa-2x\"><\/i><\/a>\n    <div class=\"details-title\">Louise&nbsp;LaLande, OAA<\/div>\n    <div class=\"content\"><p>Louise wears many hats at L+D. She serves as a senior project architect, regularly lends her expertise to heritage development projects, and undertakes office and&nbsp;resource-management&nbsp;responsibilities.<\/p>\r\n<p><strong>What does it take to be a&nbsp;great&nbsp;architect?<\/strong><\/p>\r\n<p>Obviously you need to be a talented designer, but it\u2019s more than that. You have to be a good listener and communicator to identify and understand clients\u2019 needs. You can\u2019t ever lose sight of the fact that you\u2019re designing spaces for people. Our job is to transform our clients\u2019 dreams into&nbsp;built&nbsp;forms.<\/p>\r\n<p><strong>What is the mark of a&nbsp;successful&nbsp;project?<\/strong><\/p>\r\n<p>There\u2019s no greater testament to the success of a project than a client using a building to its fullest potential and, in return, having the building fully respond to the client\u2019s&nbsp;every&nbsp;need.<\/p>\r\n<p><strong>How would you characterize L+D\u2019s&nbsp;corporate&nbsp;culture?<\/strong><\/p>\r\n<p>It breaks stereotypical office conventions. We work as a collective, not a rigid hierarchical machine. There\u2019s mutual respect among all levels of staff. The strengths of one are the strengths of the entire team. We constantly learn from each other\u2014our mistakes and our&nbsp;successes&nbsp;both.<\/p>\r\n<p><strong>What&nbsp;drives&nbsp;L+D?<\/strong><\/p>\r\n<p>Our energy and passion. Every member of our team, regardless of age or experience, shares the same youthful eagerness and curiosity. Architecture is more than just our job, it\u2019s our lifestyle. Our dedication is the result of&nbsp;our&nbsp;passion.<\/p><\/div>\n    <div class=\"contact-details\"><a href=\"mailto:llalande@lplusd.com\">llalande@lplusd.com<\/a>  <\/div>\n<\/div><\/div><\/div><\/div><\/div><\/div><\/div><\/div><\/div><ul class=\"tabs-header\"><li class=\"active\"><a data-toggle=\"tab\" href=\"#vue-densemble\">Vue d&#8217;ensemble<\/a><span class=\"tab-sprite\"><span><\/span><\/span><\/li><li class=\"\"><a data-toggle=\"tab\" href=\"#que-faisons-nous\">Que faisons-nous<\/a><span class=\"tab-sprite\"><span><\/span><\/span><\/li><li class=\"\"><a data-toggle=\"tab\" href=\"#316-2\">Qui sommes-nous<\/a><span class=\"tab-sprite\"><span><\/span><\/span><\/li><\/ul><\/div><\/div>\n\n<strong>L\u2019interaction efficace, fructueuse et harmonieuse d\u2019\u00e9l\u00e9ments compl\u00e9mentaires produit les r\u00e9sultats les plus extraordinaires. Voil\u00e0 le type de symbiose que Lalande + Doyle met de l\u2019avant \u2013 la rencontre des talents; le partage des visions; l\u2019engagement de tous \u00e0 cr\u00e9er une architecture qui offre aux clients des espaces qui r\u00e9pondent \u00e0 leurs aspirations et \u00e0 leurs besoins comme utilisateurs.<\/strong>\n<p align=\"right\">\u00ab\u00a0Au cours du processus de cr\u00e9ation, nous b\u00e2tissons une histoire au fur et \u00e0 mesure que nous dessinons; mais nous gardons aussi les pieds sur terre et demeurons conscients du contexte architectural et culturel environnant.\u00a0\u00bb<\/p>\n<p align=\"right\">Philippe Doyle, pr\u00e9sident<\/p><\/div><\/div><\/div><\/div><\/div><\/div>","protected":false},"excerpt":{"rendered":"","protected":false},"author":1,"featured_media":36,"parent":0,"menu_order":24,"comment_status":"open","ping_status":"open","template":"page-templates\/front-page.php","meta":{"footnotes":""},"class_list":["post-16","page","type-page","status-publish","has-post-thumbnail","hentry"],"_links":{"self":[{"href":"https:\/\/lplusd.com\/fr\/wp-json\/wp\/v2\/pages\/16","targetHints":{"allow":["GET"]}}],"collection":[{"href":"https:\/\/lplusd.com\/fr\/wp-json\/wp\/v2\/pages"}],"about":[{"href":"https:\/\/lplusd.com\/fr\/wp-json\/wp\/v2\/types\/page"}],"author":[{"embeddable":true,"href":"https:\/\/lplusd.com\/fr\/wp-json\/wp\/v2\/users\/1"}],"replies":[{"embeddable":true,"href":"https:\/\/lplusd.com\/fr\/wp-json\/wp\/v2\/comments?post=16"}],"version-history":[{"count":10,"href":"https:\/\/lplusd.com\/fr\/wp-json\/wp\/v2\/pages\/16\/revisions"}],"predecessor-version":[{"id":901,"href":"https:\/\/lplusd.com\/fr\/wp-json\/wp\/v2\/pages\/16\/revisions\/901"}],"wp:featuredmedia":[{"embeddable":true,"href":"https:\/\/lplusd.com\/fr\/wp-json\/wp\/v2\/media\/36"}],"wp:attachment":[{"href":"https:\/\/lplusd.com\/fr\/wp-json\/wp\/v2\/media?parent=16"}],"curies":[{"name":"wp","href":"https:\/\/api.w.org\/{rel}","templated":true}]}}